{"id":188,"date":"2012-10-17T12:54:00","date_gmt":"2012-10-17T10:54:00","guid":{"rendered":"http:\/\/www.geografia.sprjp2.edu.pl\/?page_id=188"},"modified":"2012-10-17T12:54:00","modified_gmt":"2012-10-17T10:54:00","slug":"ciekawe-linki","status":"publish","type":"page","link":"https:\/\/dookolaswiata.sprjp2.edu.pl\/?page_id=188","title":{"rendered":"Ciekawe linki"},"content":{"rendered":"<ul>\n<li><a title=\"Interaktywna wycieczka po Wielkiej Rafie Koralowej\" href=\"http:\/\/www.catlinseaviewsurvey.com\/seaview.htm\">Interaktywna wycieczka po Wielkiej Rafie Koralowej<\/a><\/li>\n<li><a title=\"Mapa \u015awiata \u2013 test ze znajomo\u015bci mapy \u015awiata\" href=\"http:\/\/www.mapa-swiata.pl\" target=\"_blank\">Mapa \u015awiata<\/a><\/li>\n<li><a title=\"Prognoza pogody przedstawiona w postaci meteorogram\u00f3w\" href=\"http:\/\/meteo.icm.edu.pl\/\">Prognoza pogody przedstawiona w postaci meteorogram\u00f3w<\/a><\/li>\n<li><a title=\"Przyk\u0142ady klimatogram\u00f3w\" href=\"http:\/\/www.klimadiagramme.de\/\">Przyk\u0142ady klimatogram\u00f3w<\/a><\/li>\n<li><a title=\"Przyk\u0142ady zdj\u0119\u0107 satelitarnych\" href=\"http:\/\/www.interklasa.pl\/meteo\/\">Przyk\u0142ady zdj\u0119\u0107 satelitarnych<\/a><\/li>\n<li><a title=\"Seterra\" href=\"http:\/\/www.seterra.net\/\">Seterra<\/a><\/li>\n<li><a title=\"Strona internetowa Instytutu Meteorologii i Gospodarki Wodnej\" href=\"http:\/\/www.imgw.pl\/index.php\">Strona internetowa Instytutu Meteorologii i Gospodarki Wodnej<\/a><\/li>\n<\/ul>\n","protected":false},"excerpt":{"rendered":"<p>Interaktywna wycieczka po Wielkiej Rafie Koralowej Mapa \u015awiata Prognoza pogody przedstawiona w postaci meteorogram\u00f3w Przyk\u0142ady klimatogram\u00f3w Przyk\u0142ady zdj\u0119\u0107 satelitarnych Seterra<\/p>\n","protected":false},"author":1,"featured_media":0,"parent":0,"menu_order":0,"comment_status":"open","ping_status":"open","template":"","meta":[],"_links":{"self":[{"href":"https:\/\/dookolaswiata.sprjp2.edu.pl\/index.php?rest_route=\/wp\/v2\/pages\/188"}],"collection":[{"href":"https:\/\/dookolaswiata.sprjp2.edu.pl\/index.php?rest_route=\/wp\/v2\/pages"}],"about":[{"href":"https:\/\/dookolaswiata.sprjp2.edu.pl\/index.php?rest_route=\/wp\/v2\/types\/page"}],"author":[{"embeddable":true,"href":"https:\/\/dookolaswiata.sprjp2.edu.pl\/index.php?rest_route=\/wp\/v2\/users\/1"}],"replies":[{"embeddable":true,"href":"https:\/\/dookolaswiata.sprjp2.edu.pl\/index.php?rest_route=%2Fwp%2Fv2%2Fcomments&post=188"}],"version-history":[{"count":1,"href":"https:\/\/dookolaswiata.sprjp2.edu.pl\/index.php?rest_route=\/wp\/v2\/pages\/188\/revisions"}],"predecessor-version":[{"id":189,"href":"https:\/\/dookolaswiata.sprjp2.edu.pl\/index.php?rest_route=\/wp\/v2\/pages\/188\/revisions\/189"}],"wp:attachment":[{"href":"https:\/\/dookolaswiata.sprjp2.edu.pl\/index.php?rest_route=%2Fwp%2Fv2%2Fmedia&parent=188"}],"curies":[{"name":"wp","href":"https:\/\/api.w.org\/{rel}","templated":true}]}}